{"id":2,"date":"2012-09-17T14:44:36","date_gmt":"2012-09-17T14:44:36","guid":{"rendered":"http:\/\/weingut-scherf.de\/weingut\/?page_id=2"},"modified":"2014-04-24T20:05:27","modified_gmt":"2014-04-24T18:05:27","slug":"beispiel-seite","status":"publish","type":"page","link":"http:\/\/weingut-scherf.de\/weingut\/","title":{"rendered":"WILLKOMMEN"},"content":{"rendered":"<p><a href=\"http:\/\/weingut-scherf.de\/weingut\/wp-content\/uploads\/2012\/09\/titel_willkommen.jpg\"><img decoding=\"async\" loading=\"lazy\" class=\"aligncenter wp-image-163 size-full\" title=\"Unser G\u00e4stehaus - Herzlich Willkommen!\" src=\"http:\/\/weingut-scherf.de\/weingut\/wp-content\/uploads\/2012\/09\/titel_willkommen.jpg\" alt=\"\" width=\"970\" height=\"450\" srcset=\"http:\/\/weingut-scherf.de\/weingut\/wp-content\/uploads\/2012\/09\/titel_willkommen.jpg 970w, http:\/\/weingut-scherf.de\/weingut\/wp-content\/uploads\/2012\/09\/titel_willkommen-300x139.jpg 300w, http:\/\/weingut-scherf.de\/weingut\/wp-content\/uploads\/2012\/09\/titel_willkommen-700x324.jpg 700w, http:\/\/weingut-scherf.de\/weingut\/wp-content\/uploads\/2012\/09\/titel_willkommen-332x154.jpg 332w\" sizes=\"(max-width: 970px) 100vw, 970px\" \/><\/a><\/p>\n<p><strong>HERZLICH WILLKOMMEN IM WEINGUT SCHERF!<br \/>\n<\/strong><\/p>\n<p>Unser Weingut mit moderner mediterraner Weinstube mit angrenzender Sandsteinterrasse\u00a0liegt in Kasel, dem wohl bekanntesten Weinort an der Ruwer.<\/p>\n<p>Verleben Sie sch\u00f6ne Stunden bei einem guten Glas Wein in Behaglichkeit und famili\u00e4rer Atmosph\u00e4re.<\/p>\n<p>Besuchen Sie uns, wir freuen uns auf Sie!<\/p>\n<p><em><strong>Ihre Winzerfamilie Scherf<\/strong><\/em><\/p>\n","protected":false},"excerpt":{"rendered":"<p>HERZLICH WILLKOMMEN IM WEINGUT SCHERF! Unser Weingut mit moderner mediterraner Weinstube mit angrenzender Sandsteinterrasse\u00a0liegt in Kasel, dem wohl bekanntesten Weinort an der Ruwer. Verleben Sie sch\u00f6ne Stunden bei einem guten Glas Wein in Behaglichkeit und famili\u00e4rer Atmosph\u00e4re. Besuchen Sie uns, wir freuen uns auf Sie! Ihre Winzerfamilie Scherf<\/p>\n","protected":false},"author":1,"featured_media":0,"parent":0,"menu_order":0,"comment_status":"closed","ping_status":"closed","template":"","meta":[],"_links":{"self":[{"href":"http:\/\/weingut-scherf.de\/weingut\/wp-json\/wp\/v2\/pages\/2"}],"collection":[{"href":"http:\/\/weingut-scherf.de\/weingut\/wp-json\/wp\/v2\/pages"}],"about":[{"href":"http:\/\/weingut-scherf.de\/weingut\/wp-json\/wp\/v2\/types\/page"}],"author":[{"embeddable":true,"href":"http:\/\/weingut-scherf.de\/weingut\/wp-json\/wp\/v2\/users\/1"}],"replies":[{"embeddable":true,"href":"http:\/\/weingut-scherf.de\/weingut\/wp-json\/wp\/v2\/comments?post=2"}],"version-history":[{"count":25,"href":"http:\/\/weingut-scherf.de\/weingut\/wp-json\/wp\/v2\/pages\/2\/revisions"}],"predecessor-version":[{"id":241,"href":"http:\/\/weingut-scherf.de\/weingut\/wp-json\/wp\/v2\/pages\/2\/revisions\/241"}],"wp:attachment":[{"href":"http:\/\/weingut-scherf.de\/weingut\/wp-json\/wp\/v2\/media?parent=2"}],"curies":[{"name":"wp","href":"https:\/\/api.w.org\/{rel}","templated":true}]}}