{"id":8,"date":"2012-09-17T17:11:17","date_gmt":"2012-09-17T15:11:17","guid":{"rendered":"http:\/\/weingut-scherf.de\/weingut\/?page_id=8"},"modified":"2019-01-23T08:12:31","modified_gmt":"2019-01-23T06:12:31","slug":"gastezimmer","status":"publish","type":"page","link":"http:\/\/weingut-scherf.de\/weingut\/gastezimmer\/","title":{"rendered":"G\u00c4STEZIMMER"},"content":{"rendered":"<p><a href=\"http:\/\/weingut-scherf.de\/weingut\/wp-content\/uploads\/2012\/09\/titel_gaestezimmer.jpg\"><img decoding=\"async\" loading=\"lazy\" class=\"aligncenter size-full wp-image-154\" title=\"G\u00e4stezimmer\" src=\"http:\/\/weingut-scherf.de\/weingut\/wp-content\/uploads\/2012\/09\/titel_gaestezimmer.jpg\" alt=\"\" width=\"970\" height=\"450\" srcset=\"http:\/\/weingut-scherf.de\/weingut\/wp-content\/uploads\/2012\/09\/titel_gaestezimmer.jpg 970w, http:\/\/weingut-scherf.de\/weingut\/wp-content\/uploads\/2012\/09\/titel_gaestezimmer-300x139.jpg 300w, http:\/\/weingut-scherf.de\/weingut\/wp-content\/uploads\/2012\/09\/titel_gaestezimmer-700x324.jpg 700w, http:\/\/weingut-scherf.de\/weingut\/wp-content\/uploads\/2012\/09\/titel_gaestezimmer-332x154.jpg 332w\" sizes=\"(max-width: 970px) 100vw, 970px\" \/><\/a><\/p>\n<p>Alle Apartments sind modern und individuell eingerichtet, Behaglichkeit und Gem\u00fctlichkeit pr\u00e4gen ihren Stil.<\/p>\n<p>Unsere hellen, freundlichen Zimmer sind ausgestattet mit:<\/p>\n<ul>\n<li>Dusche \/ WC \/ F\u00f6hn \/ SAT-TV \/ Internet<\/li>\n<li>alle Zimmer sind Nichtraucher-Zimmer<\/li>\n<li>Schlafbereich, gem\u00fctlicher Wohnbereich, K\u00fcchenzeile.<\/li>\n<\/ul>\n<p>Zus\u00e4tzlich stehen unseren G\u00e4sten ein Parkplatz und eine Fahrradhalle zur Verf\u00fcgung.<\/p>\n<p>Weinstube und Sandsteinterrasse sind\u00a0 in unmittelbarer N\u00e4he. Preise verstehen sich inkl. Handt\u00fccher, Bettw\u00e4sche und Endreinigung.<\/p>\n<p><strong>Preise:<\/strong><\/p>\n<ul>\n<li>\u00dcbernachtung im Doppelzimmer Nies\u00b4chen: 60,- \u20ac<\/li>\n<li>\u00dcbernachtung im Doppelzimmer Hitzlay: 60,- \u20ac<\/li>\n<li>Einzelbelegung im Doppelzimmer: 45,- \u20ac<\/li>\n<li>Fr\u00fchst\u00fcck (auf Wunsch): 8,- \u20ac<\/li>\n<\/ul>\n<p>Weiter unten haben Sie die M\u00f6glichkeit, uns eine Reservierungsanfrage zukommen zu lassen.<strong><br \/>\n<\/strong>Preise f\u00fcr einen l\u00e4ngeren Aufenthalt auf Anfrage.<strong><br \/>\n<\/strong><\/p>\n<p><strong>Apartment Nies\u00b4chen <\/strong><\/p>\n<div id='gallery-1' class='gallery galleryid-8 gallery-columns-3 gallery-size-thumbnail'><figure class='gallery-item'>\n\t\t\t<div class='gallery-icon landscape'>\n\t\t\t\t<a rel='attachment' href='http:\/\/weingut-scherf.de\/weingut\/wp-content\/uploads\/2012\/09\/012-e1398696185325.jpg'><img width=\"150\" height=\"100\" src=\"http:\/\/weingut-scherf.de\/weingut\/wp-content\/uploads\/2012\/09\/012-e1398696185325.jpg\" class=\"attachment-thumbnail size-thumbnail\" alt=\"\" decoding=\"async\" loading=\"lazy\" aria-describedby=\"gallery-1-213\" \/><\/a>\n\t\t\t<\/div>\n\t\t\t\t<figcaption class='wp-caption-text gallery-caption' id='gallery-1-213'>\n\t\t\t\tNies&#8217;chen &#8211; Schlafbereich\n\t\t\t\t<\/figcaption><\/figure><figure class='gallery-item'>\n\t\t\t<div class='gallery-icon landscape'>\n\t\t\t\t<a rel='attachment' href='http:\/\/weingut-scherf.de\/weingut\/wp-content\/uploads\/2012\/09\/022-e1398696200121.jpg'><img width=\"150\" height=\"100\" src=\"http:\/\/weingut-scherf.de\/weingut\/wp-content\/uploads\/2012\/09\/022-e1398696200121.jpg\" class=\"attachment-thumbnail size-thumbnail\" alt=\"\" decoding=\"async\" loading=\"lazy\" aria-describedby=\"gallery-1-214\" \/><\/a>\n\t\t\t<\/div>\n\t\t\t\t<figcaption class='wp-caption-text gallery-caption' id='gallery-1-214'>\n\t\t\t\tNies&#8217;chen &#8211; Wohnbereich\n\t\t\t\t<\/figcaption><\/figure><figure class='gallery-item'>\n\t\t\t<div class='gallery-icon portrait'>\n\t\t\t\t<a rel='attachment' href='http:\/\/weingut-scherf.de\/weingut\/wp-content\/uploads\/2012\/09\/032-e1398696211778.jpg'><img width=\"100\" height=\"150\" src=\"http:\/\/weingut-scherf.de\/weingut\/wp-content\/uploads\/2012\/09\/032-e1398696211778.jpg\" class=\"attachment-thumbnail size-thumbnail\" alt=\"\" decoding=\"async\" loading=\"lazy\" aria-describedby=\"gallery-1-215\" \/><\/a>\n\t\t\t<\/div>\n\t\t\t\t<figcaption class='wp-caption-text gallery-caption' id='gallery-1-215'>\n\t\t\t\tNies&#8217;chen &#8211; Badezimmer\n\t\t\t\t<\/figcaption><\/figure>\n\t\t<\/div>\n\n<p><strong>Apartment Hitzlay<\/strong><\/p>\n<div id='gallery-2' class='gallery galleryid-8 gallery-columns-3 gallery-size-thumbnail'><figure class='gallery-item'>\n\t\t\t<div class='gallery-icon portrait'>\n\t\t\t\t<a rel='attachment' href='http:\/\/weingut-scherf.de\/weingut\/wp-content\/uploads\/2012\/09\/011-e1398696052820.jpg'><img width=\"100\" height=\"150\" src=\"http:\/\/weingut-scherf.de\/weingut\/wp-content\/uploads\/2012\/09\/011-e1398696052820.jpg\" class=\"attachment-thumbnail size-thumbnail\" alt=\"\" decoding=\"async\" loading=\"lazy\" aria-describedby=\"gallery-2-207\" \/><\/a>\n\t\t\t<\/div>\n\t\t\t\t<figcaption class='wp-caption-text gallery-caption' id='gallery-2-207'>\n\t\t\t\tHitzlay &#8211; Schlafbereich\n\t\t\t\t<\/figcaption><\/figure><figure class='gallery-item'>\n\t\t\t<div class='gallery-icon landscape'>\n\t\t\t\t<a rel='attachment' href='http:\/\/weingut-scherf.de\/weingut\/wp-content\/uploads\/2012\/09\/021-e1398696040755.jpg'><img width=\"150\" height=\"100\" src=\"http:\/\/weingut-scherf.de\/weingut\/wp-content\/uploads\/2012\/09\/021-e1398696040755.jpg\" class=\"attachment-thumbnail size-thumbnail\" alt=\"\" decoding=\"async\" loading=\"lazy\" aria-describedby=\"gallery-2-208\" \/><\/a>\n\t\t\t<\/div>\n\t\t\t\t<figcaption class='wp-caption-text gallery-caption' id='gallery-2-208'>\n\t\t\t\tHitzlay &#8211; Wohnbereich\n\t\t\t\t<\/figcaption><\/figure><figure class='gallery-item'>\n\t\t\t<div class='gallery-icon portrait'>\n\t\t\t\t<a rel='attachment' href='http:\/\/weingut-scherf.de\/weingut\/wp-content\/uploads\/2012\/09\/031-e1398696070227.jpg'><img width=\"100\" height=\"150\" src=\"http:\/\/weingut-scherf.de\/weingut\/wp-content\/uploads\/2012\/09\/031-e1398696070227.jpg\" class=\"attachment-thumbnail size-thumbnail\" alt=\"\" decoding=\"async\" loading=\"lazy\" aria-describedby=\"gallery-2-209\" \/><\/a>\n\t\t\t<\/div>\n\t\t\t\t<figcaption class='wp-caption-text gallery-caption' id='gallery-2-209'>\n\t\t\t\tHitzlay &#8211; Badezimmer\n\t\t\t\t<\/figcaption><\/figure>\n\t\t<\/div>\n\n<p><strong>Reservierungsanfrage f\u00fcr G\u00e4stezimmer:<\/strong><\/p>\n<div role=\"form\" class=\"wpcf7\" id=\"wpcf7-f170-o1\" lang=\"en-US\" dir=\"ltr\">\n<div class=\"screen-reader-response\"><p role=\"status\" aria-live=\"polite\" aria-atomic=\"true\"><\/p> <ul><\/ul><\/div>\n<form action=\"\/weingut\/wp-json\/wp\/v2\/pages\/8#wpcf7-f170-o1\" method=\"post\" class=\"wpcf7-form init\" novalidate=\"novalidate\" data-status=\"init\">\n<div style=\"display: none;\">\n<input type=\"hidden\" name=\"_wpcf7\" value=\"170\" \/>\n<input type=\"hidden\" name=\"_wpcf7_version\" value=\"5.6.4\" \/>\n<input type=\"hidden\" name=\"_wpcf7_locale\" value=\"en_US\" \/>\n<input type=\"hidden\" name=\"_wpcf7_unit_tag\" value=\"wpcf7-f170-o1\" \/>\n<input type=\"hidden\" name=\"_wpcf7_container_post\" value=\"0\" \/>\n<input type=\"hidden\" name=\"_wpcf7_posted_data_hash\" value=\"\" \/>\n<\/div>\n<p>Ihr Name<br \/><span class=\"wpcf7-form-control-wrap\" data-name=\"text-933\"><input type=\"text\" name=\"text-933\" value=\"\" size=\"40\" class=\"wpcf7-form-control wpcf7-text wpcf7-validates-as-required\" aria-required=\"true\" aria-invalid=\"false\" \/><\/span><\/p>\n<p>Stra\u00dfe und Hausnmmer<br \/><span class=\"wpcf7-form-control-wrap\" data-name=\"StraeundHausnummer\"><input type=\"text\" name=\"StraeundHausnummer\" value=\"\" size=\"40\" class=\"wpcf7-form-control wpcf7-text\" aria-invalid=\"false\" \/><\/span><\/p>\n<p>PLZ und Ort<br \/><span class=\"wpcf7-form-control-wrap\" data-name=\"PLZundOrt\"><input type=\"text\" name=\"PLZundOrt\" value=\"\" size=\"40\" class=\"wpcf7-form-control wpcf7-text\" aria-invalid=\"false\" \/><\/span><\/p>\n<p>Ihre E-Mail-Adresse<br \/><span class=\"wpcf7-form-control-wrap\" data-name=\"your-email\"><input type=\"email\" name=\"your-email\" value=\"\" size=\"40\" class=\"wpcf7-form-control wpcf7-text wpcf7-email wpcf7-validates-as-email\" aria-invalid=\"false\" \/><\/span><\/p>\n<p>Ihre Telefonnummer<br \/><span class=\"wpcf7-form-control-wrap\" data-name=\"tel-48\"><input type=\"tel\" name=\"tel-48\" value=\"\" size=\"40\" class=\"wpcf7-form-control wpcf7-text wpcf7-tel wpcf7-validates-as-required wpcf7-validates-as-tel\" aria-required=\"true\" aria-invalid=\"false\" \/><\/span><\/p>\n<p>Tag der Ankunft<br \/><span class=\"wpcf7-form-control-wrap\" data-name=\"date-374\"><input type=\"text\" name=\"date-374\" value=\"\" size=\"40\" class=\"wpcf7-form-control wpcf7-text wpcf7-validates-as-required\" aria-required=\"true\" aria-invalid=\"false\" \/><\/span><\/p>\n<p>Tag der Abreise<br \/><span class=\"wpcf7-form-control-wrap\" data-name=\"date-491\"><input type=\"text\" name=\"date-491\" value=\"\" size=\"40\" class=\"wpcf7-form-control wpcf7-text wpcf7-validates-as-required\" aria-required=\"true\" aria-invalid=\"false\" \/><\/span><\/p>\n<p>Zus\u00e4tzliche Nachricht?<br \/><span class=\"wpcf7-form-control-wrap\" data-name=\"your-message\"><textarea name=\"your-message\" cols=\"40\" rows=\"10\" class=\"wpcf7-form-control wpcf7-textarea\" aria-invalid=\"false\"><\/textarea><\/span><\/p>\n<p>Bitte geben Sie die zu lesende Buchstabenkombination ein.<br \/>\n<input type=\"hidden\" name=\"_wpcf7_captcha_challenge_captcha-967\" value=\"2473512957\" \/><img class=\"wpcf7-form-control wpcf7-captchac wpcf7-captcha-captcha-967\" width=\"72\" height=\"24\" alt=\"captcha\" src=\"http:\/\/weingut-scherf.de\/weingut\/wp-content\/uploads\/wpcf7_captcha\/2473512957.png\" \/><br \/><span class=\"wpcf7-form-control-wrap\" data-name=\"captcha-967\"><input type=\"text\" name=\"captcha-967\" value=\"\" size=\"40\" class=\"wpcf7-form-control wpcf7-captchar\" autocomplete=\"off\" aria-invalid=\"false\" \/><\/span><\/p>\n<p><input type=\"submit\" value=\"Senden\" class=\"wpcf7-form-control has-spinner wpcf7-submit\" \/><\/p>\n<div class=\"wpcf7-response-output\" aria-hidden=\"true\"><\/div><\/form><\/div>\n","protected":false},"excerpt":{"rendered":"<p>Alle Apartments sind modern und individuell eingerichtet, Behaglichkeit und Gem\u00fctlichkeit pr\u00e4gen ihren Stil. Unsere hellen, freundlichen Zimmer sind ausgestattet mit: Dusche \/ WC \/ F\u00f6hn \/ SAT-TV \/ Internet alle Zimmer sind Nichtraucher-Zimmer Schlafbereich, gem\u00fctlicher Wohnbereich, K\u00fcchenzeile. Zus\u00e4tzlich stehen unseren G\u00e4sten ein Parkplatz und eine Fahrradhalle zur Verf\u00fcgung. Weinstube und &#8230;<\/p>\n","protected":false},"author":1,"featured_media":0,"parent":0,"menu_order":3,"comment_status":"closed","ping_status":"closed","template":"","meta":[],"_links":{"self":[{"href":"http:\/\/weingut-scherf.de\/weingut\/wp-json\/wp\/v2\/pages\/8"}],"collection":[{"href":"http:\/\/weingut-scherf.de\/weingut\/wp-json\/wp\/v2\/pages"}],"about":[{"href":"http:\/\/weingut-scherf.de\/weingut\/wp-json\/wp\/v2\/types\/page"}],"author":[{"embeddable":true,"href":"http:\/\/weingut-scherf.de\/weingut\/wp-json\/wp\/v2\/users\/1"}],"replies":[{"embeddable":true,"href":"http:\/\/weingut-scherf.de\/weingut\/wp-json\/wp\/v2\/comments?post=8"}],"version-history":[{"count":34,"href":"http:\/\/weingut-scherf.de\/weingut\/wp-json\/wp\/v2\/pages\/8\/revisions"}],"predecessor-version":[{"id":445,"href":"http:\/\/weingut-scherf.de\/weingut\/wp-json\/wp\/v2\/pages\/8\/revisions\/445"}],"wp:attachment":[{"href":"http:\/\/weingut-scherf.de\/weingut\/wp-json\/wp\/v2\/media?parent=8"}],"curies":[{"name":"wp","href":"https:\/\/api.w.org\/{rel}","templated":true}]}}